{"id":10,"date":"2025-12-29T17:41:29","date_gmt":"2025-12-29T17:41:29","guid":{"rendered":"https:\/\/coeuraguerri.com\/?page_id=10"},"modified":"2025-12-30T09:39:49","modified_gmt":"2025-12-30T09:39:49","slug":"accueil","status":"publish","type":"page","link":"https:\/\/coeuraguerri.com\/","title":{"rendered":"Nos blessures ne nous d\u00e9finissent pas, notre gu\u00e9rison oui !"},"content":{"rendered":"\t\t<div data-elementor-type=\"wp-page\" data-elementor-id=\"10\" class=\"elementor elementor-10\">\n\t\t\t\t<div class=\"elementor-element elementor-element-45ddad1 e-flex e-con-boxed e-con e-parent\" data-id=\"45ddad1\" data-element_type=\"container\">\n\t\t\t\t\t<div class=\"e-con-inner\">\n\t\t\t\t<div class=\"elementor-element elementor-element-8b164aa elementor-widget elementor-widget-heading\" data-id=\"8b164aa\" data-element_type=\"widget\" data-widget_type=\"heading.default\">\n\t\t\t\t\t<h2 class=\"elementor-heading-title elementor-size-default\">C\u0153ur Aguerri<\/h2>\t\t\t\t<\/div>\n\t\t\t\t\t<\/div>\n\t\t\t\t<\/div>\n\t\t<div class=\"elementor-element elementor-element-16bc68e e-flex e-con-boxed e-con e-parent\" data-id=\"16bc68e\" data-element_type=\"container\">\n\t\t\t\t\t<div class=\"e-con-inner\">\n\t\t\t\t<div class=\"elementor-element elementor-element-7a65b45 elementor-widget elementor-widget-text-editor\" data-id=\"7a65b45\" data-element_type=\"widget\" data-widget_type=\"text-editor.default\">\n\t\t\t\t\t\t\t\t\t<h5>Espace bienveillance et force au f\u00e9minin<\/h5>\t\t\t\t\t\t\t\t<\/div>\n\t\t\t\t\t<\/div>\n\t\t\t\t<\/div>\n\t\t<div class=\"elementor-element elementor-element-11993467 e-flex e-con-boxed e-con e-parent\" data-id=\"11993467\" data-element_type=\"container\">\n\t\t\t\t\t<div class=\"e-con-inner\">\n\t\t\t\t<div class=\"elementor-element elementor-element-640b7cc7 elementor-widget elementor-widget-text-editor\" data-id=\"640b7cc7\" data-element_type=\"widget\" data-widget_type=\"text-editor.default\">\n\t\t\t\t\t\t\t\t\t\n<p>Espace d\u00e9di\u00e9 \u00e0 nos c\u0153urs bris\u00e9s du pass\u00e9 ou du pr\u00e9sent<\/p>\n\n<p>Une douleur que tu pense inter\u00adminable<\/p>\n\n<p>Com\u00adment je me suis finale\u00adment relev\u00e9e<\/p>\n\n<h2 class=\"wp-block-heading\">A propos<\/h2>\n\n<p>Ce blog est n\u00e9 d\u2019his\u00adtoire vrai, d\u2019amour douloureux et de recon\u00adstruc\u00adtions lentes mais pos\u00adsi\u00adbles. Parce que j\u2019ai envie de partager avec cha\u00adcune de vous des petites par\u00adties de ma vie que je n\u2019au\u00adrais jamais cru avoir la force de racon\u00adter un jour. Com\u00adment avec le temps j\u2019ai appris \u00e0 vain\u00adcre la douleur et \u00e0 m\u2019en pro\u00adt\u00e9ger surtout. Je souhaite par mon exp\u00e9ri\u00adence, apporter mon aide \u00e0 toutes celle qui pense qu\u2019 elle n\u2019y arriverons pas, \u00e0 toutes celle qui pensent que le bon\u00adheur ne leur est pas per\u00admis.<\/p>\n\n<p>J\u2019ai \u00e0 c\u0153ur le bien \u00eatre de cha\u00adcune et cha\u00adcune peut apporter sa touche par son v\u00e9cu.<\/p>\n\n<p>Ici, on par\u00adle vrai et sans juge\u00adment.<\/p>\n\n<h2 class=\"wp-block-heading\">Confidence<\/h2>\n\n<p>Parce que je reste per\u00adsuad\u00e9e que la sol\u00adi\u00addar\u00adit\u00e9 f\u00e9mi\u00adnine peut chang\u00ader le monde.<\/p>\n\n<h2 class=\"wp-block-heading\">Contact<\/h2>\n\n<p>&nbsp;<\/p>\n\t\t\t\t\t\t\t\t<\/div>\n\t\t\t\t\t<\/div>\n\t\t\t\t<\/div>\n\t\t<div class=\"elementor-element elementor-element-30a320c e-flex e-con-boxed e-con e-parent\" data-id=\"30a320c\" data-element_type=\"container\">\n\t\t\t\t\t<div class=\"e-con-inner\">\n\t\t\t\t<div class=\"elementor-element elementor-element-a793bef elementor-widget elementor-widget-button\" data-id=\"a793bef\" data-element_type=\"widget\" data-widget_type=\"button.default\">\n\t\t\t\t\t\t\t\t\t\t<a class=\"elementor-button elementor-button-link elementor-size-sm\" href=\"#\">\n\t\t\t\t\t\t<span class=\"elementor-button-content-wrapper\">\n\t\t\t\t\t\t\t\t\t<span class=\"elementor-button-text\">Cliquez ici<\/span>\n\t\t\t\t\t<\/span>\n\t\t\t\t\t<\/a>\n\t\t\t\t\t\t\t\t<\/div>\n\t\t\t\t\t<\/div>\n\t\t\t\t<\/div>\n\t\t\t\t<\/div>\n\t\t","protected":false},"excerpt":{"rendered":"<p>C\u0153ur Aguer\u00adri Espace bien\u00adveil\u00adlance et force au f\u00e9minin Espace d\u00e9di\u00e9 \u00e0 nos c\u0153urs bris\u00e9s du pass\u00e9 ou du pr\u00e9sent Une douleur que tu pense inter\u00adminable Com\u00adment je me suis finale\u00adment relev\u00e9e A pro\u00adpos Ce blog est n\u00e9 d\u2019his\u00adtoire vrai, d\u2019amour douloureux et de recon\u00adstruc\u00adtions lentes mais pos\u00adsi\u00adbles. Parce que j\u2019ai envie de partager avec cha\u00adcune [\u2026]<\/p>\n","protected":false},"author":1,"featured_media":0,"parent":0,"menu_order":0,"comment_status":"closed","ping_status":"closed","template":"","meta":{"wp_typography_post_enhancements_disabled":false,"footnotes":""},"class_list":["post-10","page","type-page","status-publish","hentry","entry"],"yoast_head":"<!-- This site is optimized with the Yoast SEO plugin v26.6 - https:\/\/yoast.com\/wordpress\/plugins\/seo\/ -->\n<title>Nos blessures ne nous d\u00e9finissent pas, notre gu\u00e9rison oui ! - C\u0153ur aguerri<\/title>\n<meta name=\"robots\" content=\"index, follow, max-snippet:-1, max-image-preview:large, max-video-preview:-1\" \/>\n<link rel=\"canonical\" href=\"https:\/\/coeuraguerri.com\/\" \/>\n<meta property=\"og:locale\" content=\"fr_FR\" \/>\n<meta property=\"og:type\" content=\"article\" \/>\n<meta property=\"og:title\" content=\"Nos blessures ne nous d\u00e9finissent pas, notre gu\u00e9rison oui ! - C\u0153ur aguerri\" \/>\n<meta property=\"og:description\" content=\"C\u0153ur Aguerri Espace bienveillance et force au f\u00e9minin Espace d\u00e9di\u00e9 \u00e0 nos c\u0153urs bris\u00e9s du pass\u00e9 ou du pr\u00e9sent Une douleur que tu pense inter\u00adminable Com\u00adment je me suis finale\u00adment relev\u00e9e A propos Ce blog est n\u00e9 d\u2019his\u00adtoire vrai, d\u2019amour douloureux et de recon\u00adstruc\u00adtions lentes mais pos\u00adsi\u00adbles. Parce que j\u2019ai envie de partager avec cha\u00adcune [&hellip;]\" \/>\n<meta property=\"og:url\" content=\"https:\/\/coeuraguerri.com\/\" \/>\n<meta property=\"og:site_name\" content=\"C\u0153ur aguerri\" \/>\n<meta property=\"article:modified_time\" content=\"2025-12-30T09:39:49+00:00\" \/>\n<meta name=\"twitter:card\" content=\"summary_large_image\" \/>\n<meta name=\"twitter:label1\" content=\"Dur\u00e9e de lecture estim\u00e9e\" \/>\n\t<meta name=\"twitter:data1\" content=\"1 minute\" \/>\n<script type=\"application\/ld+json\" class=\"yoast-schema-graph\">{\"@context\":\"https:\/\/schema.org\",\"@graph\":[{\"@type\":\"WebPage\",\"@id\":\"https:\/\/coeuraguerri.com\/\",\"url\":\"https:\/\/coeuraguerri.com\/\",\"name\":\"Nos blessures ne nous d\u00e9finissent pas, notre gu\u00e9rison oui ! - C\u0153ur aguerri\",\"isPartOf\":{\"@id\":\"https:\/\/coeuraguerri.com\/#website\"},\"datePublished\":\"2025-12-29T17:41:29+00:00\",\"dateModified\":\"2025-12-30T09:39:49+00:00\",\"breadcrumb\":{\"@id\":\"https:\/\/coeuraguerri.com\/#breadcrumb\"},\"inLanguage\":\"fr-FR\",\"potentialAction\":[{\"@type\":\"ReadAction\",\"target\":[\"https:\/\/coeuraguerri.com\/\"]}]},{\"@type\":\"BreadcrumbList\",\"@id\":\"https:\/\/coeuraguerri.com\/#breadcrumb\",\"itemListElement\":[{\"@type\":\"ListItem\",\"position\":1,\"name\":\"Accueil\",\"item\":\"https:\/\/coeuraguerri.com\/\"},{\"@type\":\"ListItem\",\"position\":2,\"name\":\"Nos blessures ne nous d\u00e9finissent pas, notre gu\u00e9rison oui !\"}]},{\"@type\":\"WebSite\",\"@id\":\"https:\/\/coeuraguerri.com\/#website\",\"url\":\"https:\/\/coeuraguerri.com\/\",\"name\":\"C\u0153ur aguerri\",\"description\":\"Espace de bienveillance f\u00e9minine\",\"publisher\":{\"@id\":\"https:\/\/coeuraguerri.com\/#organization\"},\"potentialAction\":[{\"@type\":\"SearchAction\",\"target\":{\"@type\":\"EntryPoint\",\"urlTemplate\":\"https:\/\/coeuraguerri.com\/?s={search_term_string}\"},\"query-input\":{\"@type\":\"PropertyValueSpecification\",\"valueRequired\":true,\"valueName\":\"search_term_string\"}}],\"inLanguage\":\"fr-FR\"},{\"@type\":\"Organization\",\"@id\":\"https:\/\/coeuraguerri.com\/#organization\",\"name\":\"C\u0153ur aguerri\",\"url\":\"https:\/\/coeuraguerri.com\/\",\"logo\":{\"@type\":\"ImageObject\",\"inLanguage\":\"fr-FR\",\"@id\":\"https:\/\/coeuraguerri.com\/#\/schema\/logo\/image\/\",\"url\":\"https:\/\/coeuraguerri.com\/wp-content\/uploads\/2025\/12\/cropped-Coeur-Aguerri-4.png\",\"contentUrl\":\"https:\/\/coeuraguerri.com\/wp-content\/uploads\/2025\/12\/cropped-Coeur-Aguerri-4.png\",\"width\":500,\"height\":383,\"caption\":\"C\u0153ur aguerri\"},\"image\":{\"@id\":\"https:\/\/coeuraguerri.com\/#\/schema\/logo\/image\/\"}}]}<\/script>\n<!-- \/ Yoast SEO plugin. -->","yoast_head_json":{"title":"Nos blessures ne nous d\u00e9finissent pas, notre gu\u00e9rison oui ! - C\u0153ur aguerri","robots":{"index":"index","follow":"follow","max-snippet":"max-snippet:-1","max-image-preview":"max-image-preview:large","max-video-preview":"max-video-preview:-1"},"canonical":"https:\/\/coeuraguerri.com\/","og_locale":"fr_FR","og_type":"article","og_title":"Nos blessures ne nous d\u00e9finissent pas, notre gu\u00e9rison oui ! - C\u0153ur aguerri","og_description":"C\u0153ur Aguerri Espace bienveillance et force au f\u00e9minin Espace d\u00e9di\u00e9 \u00e0 nos c\u0153urs bris\u00e9s du pass\u00e9 ou du pr\u00e9sent Une douleur que tu pense inter\u00adminable Com\u00adment je me suis finale\u00adment relev\u00e9e A propos Ce blog est n\u00e9 d\u2019his\u00adtoire vrai, d\u2019amour douloureux et de recon\u00adstruc\u00adtions lentes mais pos\u00adsi\u00adbles. Parce que j\u2019ai envie de partager avec cha\u00adcune [&hellip;]","og_url":"https:\/\/coeuraguerri.com\/","og_site_name":"C\u0153ur aguerri","article_modified_time":"2025-12-30T09:39:49+00:00","twitter_card":"summary_large_image","twitter_misc":{"Dur\u00e9e de lecture estim\u00e9e":"1 minute"},"schema":{"@context":"https:\/\/schema.org","@graph":[{"@type":"WebPage","@id":"https:\/\/coeuraguerri.com\/","url":"https:\/\/coeuraguerri.com\/","name":"Nos blessures ne nous d\u00e9finissent pas, notre gu\u00e9rison oui ! - C\u0153ur aguerri","isPartOf":{"@id":"https:\/\/coeuraguerri.com\/#website"},"datePublished":"2025-12-29T17:41:29+00:00","dateModified":"2025-12-30T09:39:49+00:00","breadcrumb":{"@id":"https:\/\/coeuraguerri.com\/#breadcrumb"},"inLanguage":"fr-FR","potentialAction":[{"@type":"ReadAction","target":["https:\/\/coeuraguerri.com\/"]}]},{"@type":"BreadcrumbList","@id":"https:\/\/coeuraguerri.com\/#breadcrumb","itemListElement":[{"@type":"ListItem","position":1,"name":"Accueil","item":"https:\/\/coeuraguerri.com\/"},{"@type":"ListItem","position":2,"name":"Nos blessures ne nous d\u00e9finissent pas, notre gu\u00e9rison oui !"}]},{"@type":"WebSite","@id":"https:\/\/coeuraguerri.com\/#website","url":"https:\/\/coeuraguerri.com\/","name":"C\u0153ur aguerri","description":"Espace de bienveillance f\u00e9minine","publisher":{"@id":"https:\/\/coeuraguerri.com\/#organization"},"potentialAction":[{"@type":"SearchAction","target":{"@type":"EntryPoint","urlTemplate":"https:\/\/coeuraguerri.com\/?s={search_term_string}"},"query-input":{"@type":"PropertyValueSpecification","valueRequired":true,"valueName":"search_term_string"}}],"inLanguage":"fr-FR"},{"@type":"Organization","@id":"https:\/\/coeuraguerri.com\/#organization","name":"C\u0153ur aguerri","url":"https:\/\/coeuraguerri.com\/","logo":{"@type":"ImageObject","inLanguage":"fr-FR","@id":"https:\/\/coeuraguerri.com\/#\/schema\/logo\/image\/","url":"https:\/\/coeuraguerri.com\/wp-content\/uploads\/2025\/12\/cropped-Coeur-Aguerri-4.png","contentUrl":"https:\/\/coeuraguerri.com\/wp-content\/uploads\/2025\/12\/cropped-Coeur-Aguerri-4.png","width":500,"height":383,"caption":"C\u0153ur aguerri"},"image":{"@id":"https:\/\/coeuraguerri.com\/#\/schema\/logo\/image\/"}}]}},"_links":{"self":[{"href":"https:\/\/coeuraguerri.com\/index.php\/wp-json\/wp\/v2\/pages\/10","targetHints":{"allow":["GET"]}}],"collection":[{"href":"https:\/\/coeuraguerri.com\/index.php\/wp-json\/wp\/v2\/pages"}],"about":[{"href":"https:\/\/coeuraguerri.com\/index.php\/wp-json\/wp\/v2\/types\/page"}],"author":[{"embeddable":true,"href":"https:\/\/coeuraguerri.com\/index.php\/wp-json\/wp\/v2\/users\/1"}],"replies":[{"embeddable":true,"href":"https:\/\/coeuraguerri.com\/index.php\/wp-json\/wp\/v2\/comments?post=10"}],"version-history":[{"count":3,"href":"https:\/\/coeuraguerri.com\/index.php\/wp-json\/wp\/v2\/pages\/10\/revisions"}],"predecessor-version":[{"id":75,"href":"https:\/\/coeuraguerri.com\/index.php\/wp-json\/wp\/v2\/pages\/10\/revisions\/75"}],"wp:attachment":[{"href":"https:\/\/coeuraguerri.com\/index.php\/wp-json\/wp\/v2\/media?parent=10"}],"curies":[{"name":"wp","href":"https:\/\/api.w.org\/{rel}","templated":true}]}}